{"id":1703,"date":"2026-05-05T09:19:47","date_gmt":"2026-05-05T07:19:47","guid":{"rendered":"https:\/\/serverus.es\/?page_id=1703"},"modified":"2026-05-05T14:50:44","modified_gmt":"2026-05-05T12:50:44","slug":"ciberseguridad-empresas","status":"publish","type":"page","link":"https:\/\/serverus.es\/en\/ciberseguridad-empresas\/","title":{"rendered":"Ciberseguridad para empresas"},"content":{"rendered":"<div data-elementor-type=\"wp-page\" data-elementor-id=\"1703\" class=\"elementor elementor-1703\" data-elementor-post-type=\"page\">\n\t\t\t\t<div class=\"elementor-element elementor-element-0f1003d e-flex e-con-boxed e-con e-parent\" data-id=\"0f1003d\" data-element_type=\"container\" data-e-type=\"container\">\n\t\t\t\t\t<div class=\"e-con-inner\">\n\t\t\t\t<div class=\"elementor-element elementor-element-65fed2d elementor-widget elementor-widget-heading\" data-id=\"65fed2d\" data-element_type=\"widget\" data-e-type=\"widget\" data-widget_type=\"heading.default\">\n\t\t\t\t<div class=\"elementor-widget-container\">\n\t\t\t\t\t<h1 class=\"elementor-heading-title elementor-size-default\">Expertos en Ciberseguridad para Empresas en Madrid<\/h1>\t\t\t\t<\/div>\n\t\t\t\t<\/div>\n\t\t\t\t<div class=\"elementor-element elementor-element-50cdcf2 elementor-widget elementor-widget-heading\" data-id=\"50cdcf2\" data-element_type=\"widget\" data-e-type=\"widget\" data-widget_type=\"heading.default\">\n\t\t\t\t<div class=\"elementor-widget-container\">\n\t\t\t\t\t<h2 class=\"elementor-heading-title elementor-size-default\">Protecci\u00f3n integral 360\u00b0 contra ataques externos y robo de datos. Blindamos la infraestructura digital de tu negocio con tecnolog\u00eda de vanguardia<\/h2>\t\t\t\t<\/div>\n\t\t\t\t<\/div>\n\t\t\t\t\t<\/div>\n\t\t\t\t<\/div>\n\t\t<div class=\"elementor-element elementor-element-4bea1d26 e-flex e-con-boxed e-con e-parent\" data-id=\"4bea1d26\" data-element_type=\"container\" data-e-type=\"container\">\n\t\t\t\t\t<div class=\"e-con-inner\">\n\t\t\t\t<div class=\"elementor-element elementor-element-01a7f87 elementor-align-center elementor-widget elementor-widget-button\" data-id=\"01a7f87\" data-element_type=\"widget\" data-e-type=\"widget\" data-widget_type=\"button.default\">\n\t\t\t\t<div class=\"elementor-widget-container\">\n\t\t\t\t\t\t\t\t\t<div class=\"elementor-button-wrapper\">\n\t\t\t\t\t<a class=\"elementor-button elementor-button-link elementor-size-sm\" href=\"#\">\n\t\t\t\t\t\t<span class=\"elementor-button-content-wrapper\">\n\t\t\t\t\t\t\t\t\t<span class=\"elementor-button-text\">SOLICITAR AUDITOR\u00cdA DE SEGURIDAD<\/span>\n\t\t\t\t\t<\/span>\n\t\t\t\t\t<\/a>\n\t\t\t\t<\/div>\n\t\t\t\t\t\t\t\t<\/div>\n\t\t\t\t<\/div>\n\t\t\t\t\t<\/div>\n\t\t\t\t<\/div>\n\t\t<div class=\"elementor-element elementor-element-406f00e e-flex e-con-boxed e-con e-parent\" data-id=\"406f00e\" data-element_type=\"container\" data-e-type=\"container\">\n\t\t\t\t\t<div class=\"e-con-inner\">\n\t\t<div class=\"elementor-element elementor-element-583d5dc e-con-full e-flex e-con e-child\" data-id=\"583d5dc\" data-element_type=\"container\" data-e-type=\"container\">\n\t\t\t\t<div class=\"elementor-element elementor-element-389295f e-transform elementor-view-default elementor-position-block-start elementor-mobile-position-block-start elementor-widget elementor-widget-icon-box\" data-id=\"389295f\" data-element_type=\"widget\" data-e-type=\"widget\" data-settings=\"{&quot;_transform_translateY_effect_hover&quot;:{&quot;unit&quot;:&quot;px&quot;,&quot;size&quot;:-10,&quot;sizes&quot;:[]},&quot;_transform_translateX_effect_hover&quot;:{&quot;unit&quot;:&quot;px&quot;,&quot;size&quot;:&quot;&quot;,&quot;sizes&quot;:[]},&quot;_transform_translateX_effect_hover_tablet&quot;:{&quot;unit&quot;:&quot;px&quot;,&quot;size&quot;:&quot;&quot;,&quot;sizes&quot;:[]},&quot;_transform_translateX_effect_hover_mobile&quot;:{&quot;unit&quot;:&quot;px&quot;,&quot;size&quot;:&quot;&quot;,&quot;sizes&quot;:[]},&quot;_transform_translateY_effect_hover_tablet&quot;:{&quot;unit&quot;:&quot;px&quot;,&quot;size&quot;:&quot;&quot;,&quot;sizes&quot;:[]},&quot;_transform_translateY_effect_hover_mobile&quot;:{&quot;unit&quot;:&quot;px&quot;,&quot;size&quot;:&quot;&quot;,&quot;sizes&quot;:[]}}\" data-widget_type=\"icon-box.default\">\n\t\t\t\t<div class=\"elementor-widget-container\">\n\t\t\t\t\t\t\t<div class=\"elementor-icon-box-wrapper\">\n\n\t\t\t\t\t\t<div class=\"elementor-icon-box-icon\">\n\t\t\t\t<span  class=\"elementor-icon\">\n\t\t\t\t<svg aria-hidden=\"true\" class=\"e-font-icon-svg e-fas-shield-virus\" viewbox=\"0 0 512 512\" xmlns=\"http:\/\/www.w3.org\/2000\/svg\"><path d=\"M224,192a16,16,0,1,0,16,16A16,16,0,0,0,224,192ZM466.5,83.68l-192-80A57.4,57.4,0,0,0,256.05,0a57.4,57.4,0,0,0-18.46,3.67l-192,80A47.93,47.93,0,0,0,16,128C16,326.5,130.5,463.72,237.5,508.32a48.09,48.09,0,0,0,36.91,0C360.09,472.61,496,349.3,496,128A48,48,0,0,0,466.5,83.68ZM384,256H371.88c-28.51,0-42.79,34.47-22.63,54.63l8.58,8.57a16,16,0,1,1-22.63,22.63l-8.57-8.58C306.47,313.09,272,327.37,272,355.88V368a16,16,0,0,1-32,0V355.88c0-28.51-34.47-42.79-54.63-22.63l-8.57,8.58a16,16,0,0,1-22.63-22.63l8.58-8.57c20.16-20.16,5.88-54.63-22.63-54.63H128a16,16,0,0,1,0-32h12.12c28.51,0,42.79-34.47,22.63-54.63l-8.58-8.57a16,16,0,0,1,22.63-22.63l8.57,8.58c20.16,20.16,54.63,5.88,54.63-22.63V112a16,16,0,0,1,32,0v12.12c0,28.51,34.47,42.79,54.63,22.63l8.57-8.58a16,16,0,0,1,22.63,22.63l-8.58,8.57C329.09,189.53,343.37,224,371.88,224H384a16,16,0,0,1,0,32Zm-96,0a16,16,0,1,0,16,16A16,16,0,0,0,288,256Z\"><\/path><\/svg>\t\t\t\t<\/span>\n\t\t\t<\/div>\n\t\t\t\n\t\t\t\t\t\t<div class=\"elementor-icon-box-content\">\n\n\t\t\t\t\t\t\t\t\t<h3 class=\"elementor-icon-box-title\">\n\t\t\t\t\t\t<span  >\n\t\t\t\t\t\t\tAntivirus Gestionado\t\t\t\t\t\t<\/span>\n\t\t\t\t\t<\/h3>\n\t\t\t\t\n\t\t\t\t\t\t\t\t\t<p class=\"elementor-icon-box-description\">\n\t\t\t\t\t\tProtecci\u00f3n en tiempo real contra ransomware y malware avanzado.\t\t\t\t\t<\/p>\n\t\t\t\t\n\t\t\t<\/div>\n\t\t\t\n\t\t<\/div>\n\t\t\t\t\t\t<\/div>\n\t\t\t\t<\/div>\n\t\t\t\t<\/div>\n\t\t<div class=\"elementor-element elementor-element-66862b0 e-con-full e-flex e-con e-child\" data-id=\"66862b0\" data-element_type=\"container\" data-e-type=\"container\">\n\t\t\t\t<div class=\"elementor-element elementor-element-fd2e641 e-transform elementor-view-default elementor-position-block-start elementor-mobile-position-block-start elementor-widget elementor-widget-icon-box\" data-id=\"fd2e641\" data-element_type=\"widget\" data-e-type=\"widget\" data-settings=\"{&quot;_transform_translateY_effect_hover&quot;:{&quot;unit&quot;:&quot;px&quot;,&quot;size&quot;:-10,&quot;sizes&quot;:[]},&quot;_transform_translateX_effect_hover&quot;:{&quot;unit&quot;:&quot;px&quot;,&quot;size&quot;:&quot;&quot;,&quot;sizes&quot;:[]},&quot;_transform_translateX_effect_hover_tablet&quot;:{&quot;unit&quot;:&quot;px&quot;,&quot;size&quot;:&quot;&quot;,&quot;sizes&quot;:[]},&quot;_transform_translateX_effect_hover_mobile&quot;:{&quot;unit&quot;:&quot;px&quot;,&quot;size&quot;:&quot;&quot;,&quot;sizes&quot;:[]},&quot;_transform_translateY_effect_hover_tablet&quot;:{&quot;unit&quot;:&quot;px&quot;,&quot;size&quot;:&quot;&quot;,&quot;sizes&quot;:[]},&quot;_transform_translateY_effect_hover_mobile&quot;:{&quot;unit&quot;:&quot;px&quot;,&quot;size&quot;:&quot;&quot;,&quot;sizes&quot;:[]}}\" data-widget_type=\"icon-box.default\">\n\t\t\t\t<div class=\"elementor-widget-container\">\n\t\t\t\t\t\t\t<div class=\"elementor-icon-box-wrapper\">\n\n\t\t\t\t\t\t<div class=\"elementor-icon-box-icon\">\n\t\t\t\t<span  class=\"elementor-icon\">\n\t\t\t\t<svg aria-hidden=\"true\" class=\"e-font-icon-svg e-fas-cloud-upload-alt\" viewbox=\"0 0 640 512\" xmlns=\"http:\/\/www.w3.org\/2000\/svg\"><path d=\"M537.6 226.6c4.1-10.7 6.4-22.4 6.4-34.6 0-53-43-96-96-96-19.7 0-38.1 6-53.3 16.2C367 64.2 315.3 32 256 32c-88.4 0-160 71.6-160 160 0 2.7.1 5.4.2 8.1C40.2 219.8 0 273.2 0 336c0 79.5 64.5 144 144 144h368c70.7 0 128-57.3 128-128 0-61.9-44-113.6-102.4-125.4zM393.4 288H328v112c0 8.8-7.2 16-16 16h-48c-8.8 0-16-7.2-16-16V288h-65.4c-14.3 0-21.4-17.2-11.3-27.3l105.4-105.4c6.2-6.2 16.4-6.2 22.6 0l105.4 105.4c10.1 10.1 2.9 27.3-11.3 27.3z\"><\/path><\/svg>\t\t\t\t<\/span>\n\t\t\t<\/div>\n\t\t\t\n\t\t\t\t\t\t<div class=\"elementor-icon-box-content\">\n\n\t\t\t\t\t\t\t\t\t<h3 class=\"elementor-icon-box-title\">\n\t\t\t\t\t\t<span  >\n\t\t\t\t\t\t\tCopias de Seguridad<br>\t\t\t\t\t\t<\/span>\n\t\t\t\t\t<\/h3>\n\t\t\t\t\n\t\t\t\t\t\t\t\t\t<p class=\"elementor-icon-box-description\">\n\t\t\t\t\t\tBackups autom\u00e1ticos y cifrados para que nunca pierdas tu informaci\u00f3n.\t\t\t\t\t<\/p>\n\t\t\t\t\n\t\t\t<\/div>\n\t\t\t\n\t\t<\/div>\n\t\t\t\t\t\t<\/div>\n\t\t\t\t<\/div>\n\t\t\t\t<\/div>\n\t\t<div class=\"elementor-element elementor-element-85ff919 e-con-full e-flex e-con e-child\" data-id=\"85ff919\" data-element_type=\"container\" data-e-type=\"container\">\n\t\t\t\t<div class=\"elementor-element elementor-element-1fbd176 e-transform elementor-view-default elementor-position-block-start elementor-mobile-position-block-start elementor-widget elementor-widget-icon-box\" data-id=\"1fbd176\" data-element_type=\"widget\" data-e-type=\"widget\" data-settings=\"{&quot;_transform_translateY_effect_hover&quot;:{&quot;unit&quot;:&quot;px&quot;,&quot;size&quot;:-10,&quot;sizes&quot;:[]},&quot;_transform_translateX_effect_hover&quot;:{&quot;unit&quot;:&quot;px&quot;,&quot;size&quot;:&quot;&quot;,&quot;sizes&quot;:[]},&quot;_transform_translateX_effect_hover_tablet&quot;:{&quot;unit&quot;:&quot;px&quot;,&quot;size&quot;:&quot;&quot;,&quot;sizes&quot;:[]},&quot;_transform_translateX_effect_hover_mobile&quot;:{&quot;unit&quot;:&quot;px&quot;,&quot;size&quot;:&quot;&quot;,&quot;sizes&quot;:[]},&quot;_transform_translateY_effect_hover_tablet&quot;:{&quot;unit&quot;:&quot;px&quot;,&quot;size&quot;:&quot;&quot;,&quot;sizes&quot;:[]},&quot;_transform_translateY_effect_hover_mobile&quot;:{&quot;unit&quot;:&quot;px&quot;,&quot;size&quot;:&quot;&quot;,&quot;sizes&quot;:[]}}\" data-widget_type=\"icon-box.default\">\n\t\t\t\t<div class=\"elementor-widget-container\">\n\t\t\t\t\t\t\t<div class=\"elementor-icon-box-wrapper\">\n\n\t\t\t\t\t\t<div class=\"elementor-icon-box-icon\">\n\t\t\t\t<span  class=\"elementor-icon\">\n\t\t\t\t<svg aria-hidden=\"true\" class=\"e-font-icon-svg e-fas-key\" viewbox=\"0 0 512 512\" xmlns=\"http:\/\/www.w3.org\/2000\/svg\"><path d=\"M512 176.001C512 273.203 433.202 352 336 352c-11.22 0-22.19-1.062-32.827-3.069l-24.012 27.014A23.999 23.999 0 0 1 261.223 384H224v40c0 13.255-10.745 24-24 24h-40v40c0 13.255-10.745 24-24 24H24c-13.255 0-24-10.745-24-24v-78.059c0-6.365 2.529-12.47 7.029-16.971l161.802-161.802C163.108 213.814 160 195.271 160 176 160 78.798 238.797.001 335.999 0 433.488-.001 512 78.511 512 176.001zM336 128c0 26.51 21.49 48 48 48s48-21.49 48-48-21.49-48-48-48-48 21.49-48 48z\"><\/path><\/svg>\t\t\t\t<\/span>\n\t\t\t<\/div>\n\t\t\t\n\t\t\t\t\t\t<div class=\"elementor-icon-box-content\">\n\n\t\t\t\t\t\t\t\t\t<h3 class=\"elementor-icon-box-title\">\n\t\t\t\t\t\t<span  >\n\t\t\t\t\t\t\tProtecci\u00f3n de Datos<br>\t\t\t\t\t\t<\/span>\n\t\t\t\t\t<\/h3>\n\t\t\t\t\n\t\t\t\t\t\t\t\t\t<p class=\"elementor-icon-box-description\">\n\t\t\t\t\t\tAuditor\u00eda y cumplimiento normativo de la Ley de Protecci\u00f3n de Datos (RGPD).\t\t\t\t\t<\/p>\n\t\t\t\t\n\t\t\t<\/div>\n\t\t\t\n\t\t<\/div>\n\t\t\t\t\t\t<\/div>\n\t\t\t\t<\/div>\n\t\t\t\t<\/div>\n\t\t<div class=\"elementor-element elementor-element-e264d28 e-con-full e-flex e-con e-child\" data-id=\"e264d28\" data-element_type=\"container\" data-e-type=\"container\">\n\t\t\t\t<div class=\"elementor-element elementor-element-711f8e6 e-transform elementor-view-default elementor-position-block-start elementor-mobile-position-block-start elementor-widget elementor-widget-icon-box\" data-id=\"711f8e6\" data-element_type=\"widget\" data-e-type=\"widget\" data-settings=\"{&quot;_transform_translateY_effect_hover&quot;:{&quot;unit&quot;:&quot;px&quot;,&quot;size&quot;:-10,&quot;sizes&quot;:[]},&quot;_transform_translateX_effect_hover&quot;:{&quot;unit&quot;:&quot;px&quot;,&quot;size&quot;:&quot;&quot;,&quot;sizes&quot;:[]},&quot;_transform_translateX_effect_hover_tablet&quot;:{&quot;unit&quot;:&quot;px&quot;,&quot;size&quot;:&quot;&quot;,&quot;sizes&quot;:[]},&quot;_transform_translateX_effect_hover_mobile&quot;:{&quot;unit&quot;:&quot;px&quot;,&quot;size&quot;:&quot;&quot;,&quot;sizes&quot;:[]},&quot;_transform_translateY_effect_hover_tablet&quot;:{&quot;unit&quot;:&quot;px&quot;,&quot;size&quot;:&quot;&quot;,&quot;sizes&quot;:[]},&quot;_transform_translateY_effect_hover_mobile&quot;:{&quot;unit&quot;:&quot;px&quot;,&quot;size&quot;:&quot;&quot;,&quot;sizes&quot;:[]}}\" data-widget_type=\"icon-box.default\">\n\t\t\t\t<div class=\"elementor-widget-container\">\n\t\t\t\t\t\t\t<div class=\"elementor-icon-box-wrapper\">\n\n\t\t\t\t\t\t<div class=\"elementor-icon-box-icon\">\n\t\t\t\t<span  class=\"elementor-icon\">\n\t\t\t\t<svg aria-hidden=\"true\" class=\"e-font-icon-svg e-far-eye\" viewbox=\"0 0 576 512\" xmlns=\"http:\/\/www.w3.org\/2000\/svg\"><path d=\"M288 144a110.94 110.94 0 0 0-31.24 5 55.4 55.4 0 0 1 7.24 27 56 56 0 0 1-56 56 55.4 55.4 0 0 1-27-7.24A111.71 111.71 0 1 0 288 144zm284.52 97.4C518.29 135.59 410.93 64 288 64S57.68 135.64 3.48 241.41a32.35 32.35 0 0 0 0 29.19C57.71 376.41 165.07 448 288 448s230.32-71.64 284.52-177.41a32.35 32.35 0 0 0 0-29.19zM288 400c-98.65 0-189.09-55-237.93-144C98.91 167 189.34 112 288 112s189.09 55 237.93 144C477.1 345 386.66 400 288 400z\"><\/path><\/svg>\t\t\t\t<\/span>\n\t\t\t<\/div>\n\t\t\t\n\t\t\t\t\t\t<div class=\"elementor-icon-box-content\">\n\n\t\t\t\t\t\t\t\t\t<h3 class=\"elementor-icon-box-title\">\n\t\t\t\t\t\t<span  >\n\t\t\t\t\t\t\tVigilancia 24\/7<br>\t\t\t\t\t\t<\/span>\n\t\t\t\t\t<\/h3>\n\t\t\t\t\n\t\t\t\t\t\t\t\t\t<p class=\"elementor-icon-box-description\">\n\t\t\t\t\t\tMonitorizamos tus sistemas d\u00eda y noche para detectar intrusos antes del ataque.\t\t\t\t\t<\/p>\n\t\t\t\t\n\t\t\t<\/div>\n\t\t\t\n\t\t<\/div>\n\t\t\t\t\t\t<\/div>\n\t\t\t\t<\/div>\n\t\t\t\t<\/div>\n\t\t\t\t\t<\/div>\n\t\t\t\t<\/div>\n\t\t<div class=\"elementor-element elementor-element-6e02966 e-flex e-con-boxed e-con e-parent\" data-id=\"6e02966\" data-element_type=\"container\" data-e-type=\"container\">\n\t\t\t\t\t<div class=\"e-con-inner\">\n\t\t\t\t<div class=\"elementor-element elementor-element-46664e8 elementor-widget elementor-widget-text-editor\" data-id=\"46664e8\" data-element_type=\"widget\" data-e-type=\"widget\" data-widget_type=\"text-editor.default\">\n\t\t\t\t<div class=\"elementor-widget-container\">\n\t\t\t\t\t\t\t\t\t<div style=\"background-color: #111827; border: 1px solid #00E5FF; padding: 30px; border-radius: 10px; color: #d1d5db; font-family: sans-serif;\"><h3 style=\"color: #00e5ff; margin-top: 0; font-size: 1.5rem; border-bottom: 1px solid #00E5FF; padding-bottom: 10px;\">\ud83d\udccd Cobertura de Ciberseguridad en Madrid Sur<\/h3><div style=\"display: flex; flex-wrap: wrap; gap: 20px; margin-top: 20px;\"><div style=\"flex: 1; min-width: 200px;\"><strong style=\"color: #00e5ff; display: block; margin-bottom: 10px;\">Zonas Prioritarias:<\/strong><ul style=\"list-style: none; padding: 0; line-height: 1.8;\"><li>\u2705 Legan\u00e9s<\/li><li>\u2705 Fuenlabrada<\/li><li>\u2705 Getafe<\/li><li>\u2705 Alcorc\u00f3n<\/li><li>\u2705 M\u00f3stoles<\/li><\/ul><\/div><div style=\"flex: 2; min-width: 300px;\"><strong style=\"color: #00e5ff; display: block; margin-bottom: 10px;\">Otros Barrios y Localidades:<\/strong><p style=\"font-size: 0.9rem; line-height: 1.6;\">Aluche, Carabanchel, Villaverde, Orcasitas, San Crist\u00f3bal, Perales del R\u00edo, El Bercial, Loranca, La Avanzada, Arroyo Culebro, La Fortuna, Pinto, Parla, Valdemoro, San Mart\u00edn de la Vega, Ciempozuelos y toda el \u00e1rea metropolitana de Madrid Sur.<\/p><\/div><\/div><p style=\"margin-top: 20px; font-style: italic; font-size: 0.85rem; color: #9ca3af;\">*Soporte t\u00e9cnico presencial en menos de 2 horas en estas ubicaciones para emergencias de seguridad.<\/p><\/div>\t\t\t\t\t\t\t\t<\/div>\n\t\t\t\t<\/div>\n\t\t\t\t\t<\/div>\n\t\t\t\t<\/div>\n\t\t<div class=\"elementor-element elementor-element-0da65e7 e-flex e-con-boxed e-con e-parent\" data-id=\"0da65e7\" data-element_type=\"container\" data-e-type=\"container\" data-settings=\"{&quot;background_background&quot;:&quot;classic&quot;}\">\n\t\t\t\t\t<div class=\"e-con-inner\">\n\t\t\t\t<div class=\"elementor-element elementor-element-6fd4af3 elementor-widget elementor-widget-heading\" data-id=\"6fd4af3\" data-element_type=\"widget\" data-e-type=\"widget\" data-widget_type=\"heading.default\">\n\t\t\t\t<div class=\"elementor-widget-container\">\n\t\t\t\t\t<h3 class=\"elementor-heading-title elementor-size-default\">\u00bfQuieres blindar tu empresa? Solicita tu Estrategia de Ciberseguridad<\/h3>\t\t\t\t<\/div>\n\t\t\t\t<\/div>\n\t\t\t\t<div class=\"elementor-element elementor-element-904cd87 elementor-widget elementor-widget-hubspot-form\" data-id=\"904cd87\" data-element_type=\"widget\" data-e-type=\"widget\" data-widget_type=\"hubspot-form.default\">\n\t\t\t\t<div class=\"elementor-widget-container\">\n\t\t\t\t\t\n\t\t\t\t\t\t<script>\n\t\t\t\t\t\t\twindow.hsFormsOnReady = window.hsFormsOnReady || [];\n\t\t\t\t\t\t\twindow.hsFormsOnReady.push(()=>{\n\t\t\t\t\t\t\t\thbspt.forms.create({\n\t\t\t\t\t\t\t\t\tportalId: 48258124,\n\t\t\t\t\t\t\t\t\tformId: \"1ec51409-7239-4ec7-b530-c74e377e6e0a\",\n\t\t\t\t\t\t\t\t\ttarget: \"#hbspt-form-1778248287000-9263589937\",\n\t\t\t\t\t\t\t\t\tregion: \"na1\",\n\t\t\t\t\t\t\t\t\t\n\t\t\t\t\t\t\t})});\n\t\t\t\t\t\t<\/script>\n\t\t\t\t\t\t<div class=\"hbspt-form\" id=\"hbspt-form-1778248287000-9263589937\"><\/div>\t\t\t\t<\/div>\n\t\t\t\t<\/div>\n\t\t\t\t\t<\/div>\n\t\t\t\t<\/div>\n\t\t\t\t<\/div>","protected":false},"excerpt":{"rendered":"<p>Expertos en Ciberseguridad para Empresas en Madrid Protecci\u00f3n integral 360\u00b0 contra ataques externos y robo de datos. Blindamos la infraestructura digital de tu negocio con tecnolog\u00eda de vanguardia SOLICITAR AUDITOR\u00cdA DE SEGURIDAD Antivirus Gestionado Protecci\u00f3n en tiempo real contra ransomware y malware avanzado. Copias de Seguridad Backups autom\u00e1ticos y cifrados para que nunca pierdas tu [&hellip;]<\/p>\n","protected":false},"author":13,"featured_media":0,"parent":0,"menu_order":0,"comment_status":"closed","ping_status":"closed","template":"","meta":{"content-type":"","_joinchat":[],"footnotes":""},"class_list":["post-1703","page","type-page","status-publish","hentry"],"yoast_head":"<!-- This site is optimized with the Yoast SEO plugin v27.5 - https:\/\/yoast.com\/product\/yoast-seo-wordpress\/ -->\n<title>Ciberseguridad para empresas - Serverus Tech Solutions<\/title>\n<meta name=\"robots\" content=\"index, follow, max-snippet:-1, max-image-preview:large, max-video-preview:-1\" \/>\n<link rel=\"canonical\" href=\"https:\/\/serverus.es\/en\/ciberseguridad-empresas\/\" \/>\n<meta property=\"og:locale\" content=\"en_US\" \/>\n<meta property=\"og:type\" content=\"article\" \/>\n<meta property=\"og:title\" content=\"Ciberseguridad para empresas - Serverus Tech Solutions\" \/>\n<meta property=\"og:description\" content=\"Expertos en Ciberseguridad para Empresas en Madrid Protecci\u00f3n integral 360\u00b0 contra ataques externos y robo de datos. Blindamos la infraestructura digital de tu negocio con tecnolog\u00eda de vanguardia SOLICITAR AUDITOR\u00cdA DE SEGURIDAD Antivirus Gestionado Protecci\u00f3n en tiempo real contra ransomware y malware avanzado. Copias de Seguridad Backups autom\u00e1ticos y cifrados para que nunca pierdas tu [&hellip;]\" \/>\n<meta property=\"og:url\" content=\"https:\/\/serverus.es\/en\/ciberseguridad-empresas\/\" \/>\n<meta property=\"og:site_name\" content=\"Serverus Tech Solutions\" \/>\n<meta property=\"article:modified_time\" content=\"2026-05-05T12:50:44+00:00\" \/>\n<meta name=\"twitter:card\" content=\"summary_large_image\" \/>\n<script type=\"application\/ld+json\" class=\"yoast-schema-graph\">{\"@context\":\"https:\\\/\\\/schema.org\",\"@graph\":[{\"@type\":\"WebPage\",\"@id\":\"https:\\\/\\\/serverus.es\\\/ciberseguridad-empresas\\\/\",\"url\":\"https:\\\/\\\/serverus.es\\\/ciberseguridad-empresas\\\/\",\"name\":\"Ciberseguridad para empresas - Serverus Tech Solutions\",\"isPartOf\":{\"@id\":\"https:\\\/\\\/serverus.es\\\/#website\"},\"datePublished\":\"2026-05-05T07:19:47+00:00\",\"dateModified\":\"2026-05-05T12:50:44+00:00\",\"breadcrumb\":{\"@id\":\"https:\\\/\\\/serverus.es\\\/ciberseguridad-empresas\\\/#breadcrumb\"},\"inLanguage\":\"en-US\",\"potentialAction\":[{\"@type\":\"ReadAction\",\"target\":[\"https:\\\/\\\/serverus.es\\\/ciberseguridad-empresas\\\/\"]}]},{\"@type\":\"BreadcrumbList\",\"@id\":\"https:\\\/\\\/serverus.es\\\/ciberseguridad-empresas\\\/#breadcrumb\",\"itemListElement\":[{\"@type\":\"ListItem\",\"position\":1,\"name\":\"Portada\",\"item\":\"https:\\\/\\\/serverus.es\\\/\"},{\"@type\":\"ListItem\",\"position\":2,\"name\":\"Ciberseguridad para empresas\"}]},{\"@type\":\"WebSite\",\"@id\":\"https:\\\/\\\/serverus.es\\\/#website\",\"url\":\"https:\\\/\\\/serverus.es\\\/\",\"name\":\"Serverus Tech Solutions\",\"description\":\"Mantenimiento Inform\u00e1tico Madrid\",\"publisher\":{\"@id\":\"https:\\\/\\\/serverus.es\\\/#organization\"},\"potentialAction\":[{\"@type\":\"SearchAction\",\"target\":{\"@type\":\"EntryPoint\",\"urlTemplate\":\"https:\\\/\\\/serverus.es\\\/?s={search_term_string}\"},\"query-input\":{\"@type\":\"PropertyValueSpecification\",\"valueRequired\":true,\"valueName\":\"search_term_string\"}}],\"inLanguage\":\"en-US\"},{\"@type\":\"Organization\",\"@id\":\"https:\\\/\\\/serverus.es\\\/#organization\",\"name\":\"Serverus Tech Solutions\",\"url\":\"https:\\\/\\\/serverus.es\\\/\",\"logo\":{\"@type\":\"ImageObject\",\"inLanguage\":\"en-US\",\"@id\":\"https:\\\/\\\/serverus.es\\\/#\\\/schema\\\/logo\\\/image\\\/\",\"url\":\"https:\\\/\\\/serverus.es\\\/wp-content\\\/uploads\\\/2024\\\/09\\\/cropped-cropped-Logo-300x75-1.jpg\",\"contentUrl\":\"https:\\\/\\\/serverus.es\\\/wp-content\\\/uploads\\\/2024\\\/09\\\/cropped-cropped-Logo-300x75-1.jpg\",\"width\":300,\"height\":75,\"caption\":\"Serverus Tech Solutions\"},\"image\":{\"@id\":\"https:\\\/\\\/serverus.es\\\/#\\\/schema\\\/logo\\\/image\\\/\"},\"sameAs\":[\"https:\\\/\\\/www.linkedin.com\\\/company\\\/101235189\"]}]}<\/script>\n<!-- \/ Yoast SEO plugin. -->","yoast_head_json":{"title":"Ciberseguridad para empresas - Serverus Tech Solutions","robots":{"index":"index","follow":"follow","max-snippet":"max-snippet:-1","max-image-preview":"max-image-preview:large","max-video-preview":"max-video-preview:-1"},"canonical":"https:\/\/serverus.es\/en\/ciberseguridad-empresas\/","og_locale":"en_US","og_type":"article","og_title":"Ciberseguridad para empresas - Serverus Tech Solutions","og_description":"Expertos en Ciberseguridad para Empresas en Madrid Protecci\u00f3n integral 360\u00b0 contra ataques externos y robo de datos. Blindamos la infraestructura digital de tu negocio con tecnolog\u00eda de vanguardia SOLICITAR AUDITOR\u00cdA DE SEGURIDAD Antivirus Gestionado Protecci\u00f3n en tiempo real contra ransomware y malware avanzado. Copias de Seguridad Backups autom\u00e1ticos y cifrados para que nunca pierdas tu [&hellip;]","og_url":"https:\/\/serverus.es\/en\/ciberseguridad-empresas\/","og_site_name":"Serverus Tech Solutions","article_modified_time":"2026-05-05T12:50:44+00:00","twitter_card":"summary_large_image","schema":{"@context":"https:\/\/schema.org","@graph":[{"@type":"WebPage","@id":"https:\/\/serverus.es\/ciberseguridad-empresas\/","url":"https:\/\/serverus.es\/ciberseguridad-empresas\/","name":"Ciberseguridad para empresas - Serverus Tech Solutions","isPartOf":{"@id":"https:\/\/serverus.es\/#website"},"datePublished":"2026-05-05T07:19:47+00:00","dateModified":"2026-05-05T12:50:44+00:00","breadcrumb":{"@id":"https:\/\/serverus.es\/ciberseguridad-empresas\/#breadcrumb"},"inLanguage":"en-US","potentialAction":[{"@type":"ReadAction","target":["https:\/\/serverus.es\/ciberseguridad-empresas\/"]}]},{"@type":"BreadcrumbList","@id":"https:\/\/serverus.es\/ciberseguridad-empresas\/#breadcrumb","itemListElement":[{"@type":"ListItem","position":1,"name":"Portada","item":"https:\/\/serverus.es\/"},{"@type":"ListItem","position":2,"name":"Ciberseguridad para empresas"}]},{"@type":"WebSite","@id":"https:\/\/serverus.es\/#website","url":"https:\/\/serverus.es\/","name":"Serverus Tech Solutions","description":"Computer Maintenance Madrid","publisher":{"@id":"https:\/\/serverus.es\/#organization"},"potentialAction":[{"@type":"SearchAction","target":{"@type":"EntryPoint","urlTemplate":"https:\/\/serverus.es\/?s={search_term_string}"},"query-input":{"@type":"PropertyValueSpecification","valueRequired":true,"valueName":"search_term_string"}}],"inLanguage":"en-US"},{"@type":"Organization","@id":"https:\/\/serverus.es\/#organization","name":"Serverus Tech Solutions","url":"https:\/\/serverus.es\/","logo":{"@type":"ImageObject","inLanguage":"en-US","@id":"https:\/\/serverus.es\/#\/schema\/logo\/image\/","url":"https:\/\/serverus.es\/wp-content\/uploads\/2024\/09\/cropped-cropped-Logo-300x75-1.jpg","contentUrl":"https:\/\/serverus.es\/wp-content\/uploads\/2024\/09\/cropped-cropped-Logo-300x75-1.jpg","width":300,"height":75,"caption":"Serverus Tech Solutions"},"image":{"@id":"https:\/\/serverus.es\/#\/schema\/logo\/image\/"},"sameAs":["https:\/\/www.linkedin.com\/company\/101235189"]}]}},"_links":{"self":[{"href":"https:\/\/serverus.es\/en\/wp-json\/wp\/v2\/pages\/1703","targetHints":{"allow":["GET"]}}],"collection":[{"href":"https:\/\/serverus.es\/en\/wp-json\/wp\/v2\/pages"}],"about":[{"href":"https:\/\/serverus.es\/en\/wp-json\/wp\/v2\/types\/page"}],"author":[{"embeddable":true,"href":"https:\/\/serverus.es\/en\/wp-json\/wp\/v2\/users\/13"}],"replies":[{"embeddable":true,"href":"https:\/\/serverus.es\/en\/wp-json\/wp\/v2\/comments?post=1703"}],"version-history":[{"count":4,"href":"https:\/\/serverus.es\/en\/wp-json\/wp\/v2\/pages\/1703\/revisions"}],"predecessor-version":[{"id":1733,"href":"https:\/\/serverus.es\/en\/wp-json\/wp\/v2\/pages\/1703\/revisions\/1733"}],"wp:attachment":[{"href":"https:\/\/serverus.es\/en\/wp-json\/wp\/v2\/media?parent=1703"}],"curies":[{"name":"wp","href":"https:\/\/api.w.org\/{rel}","templated":true}]}}