{"id":686,"date":"2025-01-04T15:33:38","date_gmt":"2025-01-04T14:33:38","guid":{"rendered":"https:\/\/serverus.es\/?page_id=686"},"modified":"2025-01-04T15:34:11","modified_gmt":"2025-01-04T14:34:11","slug":"ebook-factor-humano-ciberseguridad","status":"publish","type":"page","link":"https:\/\/serverus.es\/en\/ebook-factor-humano-ciberseguridad\/","title":{"rendered":"ebook-human-factor-cybersecurity"},"content":{"rendered":"<div data-elementor-type=\"wp-page\" data-elementor-id=\"686\" class=\"elementor elementor-686\" data-elementor-post-type=\"page\">\n\t\t\t\t<div class=\"elementor-element elementor-element-fd5d058 e-grid e-con-boxed e-con e-parent\" data-id=\"fd5d058\" data-element_type=\"container\" data-e-type=\"container\">\n\t\t\t\t\t<div class=\"e-con-inner\">\n\t\t\t\t<div class=\"elementor-element elementor-element-1db15d5 elementor-widget elementor-widget-text-editor\" data-id=\"1db15d5\" data-element_type=\"widget\" data-e-type=\"widget\" data-widget_type=\"text-editor.default\">\n\t\t\t\t<div class=\"elementor-widget-container\">\n\t\t\t\t\t\t\t\t\t<p>\u00a0<\/p><h1>\u00a0<\/h1><h1><strong>Discover how the human factor affects your cybersecurity strategy<\/strong><\/h1>\t\t\t\t\t\t\t\t<\/div>\n\t\t\t\t<\/div>\n\t\t\t\t<div class=\"elementor-element elementor-element-cf11ca0 elementor-widget elementor-widget-image\" data-id=\"cf11ca0\" data-element_type=\"widget\" data-e-type=\"widget\" data-widget_type=\"image.default\">\n\t\t\t\t<div class=\"elementor-widget-container\">\n\t\t\t\t\t\t\t\t\t\t\t\t\t\t\t<img fetchpriority=\"high\" decoding=\"async\" width=\"800\" height=\"450\" src=\"https:\/\/serverus.es\/wp-content\/uploads\/2025\/01\/Ebook-Como-afecta-el-factor-humano-a-tu-estrategia-de-ciberseguridad-1024x576.png\" class=\"attachment-large size-large wp-image-687\" alt=\"ebook - c\u00f3mo afecta el factor humano a tu estrategia de ciberseguridad\" srcset=\"https:\/\/serverus.es\/wp-content\/uploads\/2025\/01\/Ebook-Como-afecta-el-factor-humano-a-tu-estrategia-de-ciberseguridad-1024x576.png 1024w, https:\/\/serverus.es\/wp-content\/uploads\/2025\/01\/Ebook-Como-afecta-el-factor-humano-a-tu-estrategia-de-ciberseguridad-300x169.png 300w, https:\/\/serverus.es\/wp-content\/uploads\/2025\/01\/Ebook-Como-afecta-el-factor-humano-a-tu-estrategia-de-ciberseguridad-768x432.png 768w, https:\/\/serverus.es\/wp-content\/uploads\/2025\/01\/Ebook-Como-afecta-el-factor-humano-a-tu-estrategia-de-ciberseguridad-1536x864.png 1536w, https:\/\/serverus.es\/wp-content\/uploads\/2025\/01\/Ebook-Como-afecta-el-factor-humano-a-tu-estrategia-de-ciberseguridad-18x10.png 18w, https:\/\/serverus.es\/wp-content\/uploads\/2025\/01\/Ebook-Como-afecta-el-factor-humano-a-tu-estrategia-de-ciberseguridad.png 1920w\" sizes=\"(max-width: 800px) 100vw, 800px\" \/>\t\t\t\t\t\t\t\t\t\t\t\t\t\t\t<\/div>\n\t\t\t\t<\/div>\n\t\t\t\t\t<\/div>\n\t\t\t\t<\/div>\n\t\t<div class=\"elementor-element elementor-element-67630ad e-flex e-con-boxed e-con e-parent\" data-id=\"67630ad\" data-element_type=\"container\" data-e-type=\"container\">\n\t\t\t\t\t<div class=\"e-con-inner\">\n\t\t\t\t<div class=\"elementor-element elementor-element-6e25f1e elementor-widget elementor-widget-text-editor\" data-id=\"6e25f1e\" data-element_type=\"widget\" data-e-type=\"widget\" data-widget_type=\"text-editor.default\">\n\t\t\t\t<div class=\"elementor-widget-container\">\n\t\t\t\t\t\t\t\t\t<h1 style=\"text-align: center;\"><strong>What will I find in this book?<\/strong><\/h1><ul><li>Free tips to improve your company's cybersecurity.<\/li><li>Statistics with which you will learn the reality of the cybersecurity landscape.<\/li><li>Real examples and consequences of what can be caused by the human factor<\/li><\/ul>\t\t\t\t\t\t\t\t<\/div>\n\t\t\t\t<\/div>\n\t\t\t\t\t<\/div>\n\t\t\t\t<\/div>\n\t\t<div class=\"elementor-element elementor-element-f623b1f e-flex e-con-boxed e-con e-parent\" data-id=\"f623b1f\" data-element_type=\"container\" data-e-type=\"container\">\n\t\t\t\t\t<div class=\"e-con-inner\">\n\t\t\t\t<div class=\"elementor-element elementor-element-9db64f1 elementor-widget elementor-widget-text-editor\" data-id=\"9db64f1\" data-element_type=\"widget\" data-e-type=\"widget\" data-widget_type=\"text-editor.default\">\n\t\t\t\t<div class=\"elementor-widget-container\">\n\t\t\t\t\t\t\t\t\t<h1><strong>Frequently Asked Questions<\/strong><\/h1><p><strong>Why do I have to fill out all this information?<\/strong><\/p><p>We request your information for downloading the ebook in order to: (a) optimize your browsing experience by tailoring the Serverus Tech Solutions site to your preferences; (b) send you relevant and useful content by email; (c) share with you marketing communications that we think may be of interest to you. See more details in our privacy policy <a href=\"https:\/\/serverus.es\/en\/privacidad\/\">here<\/a>.<br \/><br \/><strong>Is it really free?<\/strong><br \/><br \/>Of course, we want to share with you free information that we hope you will find useful. Think of us every time you have a cybersecurity query.<\/p>\t\t\t\t\t\t\t\t<\/div>\n\t\t\t\t<\/div>\n\t\t\t\t\t<\/div>\n\t\t\t\t<\/div>\n\t\t<div class=\"elementor-element elementor-element-e85ea55 e-flex e-con-boxed e-con e-parent\" data-id=\"e85ea55\" data-element_type=\"container\" data-e-type=\"container\">\n\t\t\t\t\t<div class=\"e-con-inner\">\n\t\t\t\t<div class=\"elementor-element elementor-element-3bf6181 elementor-widget elementor-widget-html\" data-id=\"3bf6181\" data-element_type=\"widget\" data-e-type=\"widget\" data-widget_type=\"html.default\">\n\t\t\t\t<div class=\"elementor-widget-container\">\n\t\t\t\t\t<script charset=\"utf-8\" type=\"text\/javascript\" src=\"\/\/js.hsforms.net\/forms\/embed\/v2.js\"><\/script>\r\n<script>\r\n  hbspt.forms.create({\r\n    portalId: \"48258124\",\r\n    formId: \"1ec51409-7239-4ec7-b530-c74e377e6e0a\"\r\n  });\r\n<\/script>\t\t\t\t<\/div>\n\t\t\t\t<\/div>\n\t\t\t\t\t<\/div>\n\t\t\t\t<\/div>\n\t\t\t\t<\/div>","protected":false},"excerpt":{"rendered":"<p>\u00a0 \u00a0 Descubre c\u00f3mo afecta el factor humano en tu estrategia de ciberseguridad \u00bfQu\u00e9 voy a encontrar en este libro? Consejos gratu\u00edtos con los que mejorar\u00e1s la ciberseguridad de tu empresa. Estad\u00edsticas con las que conocer\u00e1s la realidad del panorama en cuanto a ciberseguridad. Ejemplos reales y consecuencias de lo que puede ocasionar el factor [&hellip;]<\/p>\n","protected":false},"author":11,"featured_media":0,"parent":0,"menu_order":0,"comment_status":"closed","ping_status":"closed","template":"","meta":{"content-type":"","_joinchat":[],"footnotes":""},"class_list":["post-686","page","type-page","status-publish","hentry"],"yoast_head":"<!-- This site is optimized with the Yoast SEO plugin v27.5 - https:\/\/yoast.com\/product\/yoast-seo-wordpress\/ -->\n<title>ebook-factor-humano-ciberseguridad - Serverus Tech Solutions<\/title>\n<meta name=\"robots\" content=\"index, follow, max-snippet:-1, max-image-preview:large, max-video-preview:-1\" \/>\n<link rel=\"canonical\" href=\"https:\/\/serverus.es\/en\/ebook-factor-humano-ciberseguridad\/\" \/>\n<meta property=\"og:locale\" content=\"en_US\" \/>\n<meta property=\"og:type\" content=\"article\" \/>\n<meta property=\"og:title\" content=\"ebook-factor-humano-ciberseguridad - Serverus Tech Solutions\" \/>\n<meta property=\"og:description\" content=\"\u00a0 \u00a0 Descubre c\u00f3mo afecta el factor humano en tu estrategia de ciberseguridad \u00bfQu\u00e9 voy a encontrar en este libro? Consejos gratu\u00edtos con los que mejorar\u00e1s la ciberseguridad de tu empresa. Estad\u00edsticas con las que conocer\u00e1s la realidad del panorama en cuanto a ciberseguridad. Ejemplos reales y consecuencias de lo que puede ocasionar el factor [&hellip;]\" \/>\n<meta property=\"og:url\" content=\"https:\/\/serverus.es\/en\/ebook-factor-humano-ciberseguridad\/\" \/>\n<meta property=\"og:site_name\" content=\"Serverus Tech Solutions\" \/>\n<meta property=\"article:modified_time\" content=\"2025-01-04T14:34:11+00:00\" \/>\n<meta property=\"og:image\" content=\"https:\/\/serverus.es\/wp-content\/uploads\/2025\/01\/Ebook-Como-afecta-el-factor-humano-a-tu-estrategia-de-ciberseguridad.png\" \/>\n\t<meta property=\"og:image:width\" content=\"1920\" \/>\n\t<meta property=\"og:image:height\" content=\"1080\" \/>\n\t<meta property=\"og:image:type\" content=\"image\/png\" \/>\n<meta name=\"twitter:card\" content=\"summary_large_image\" \/>\n<script type=\"application\/ld+json\" class=\"yoast-schema-graph\">{\"@context\":\"https:\\\/\\\/schema.org\",\"@graph\":[{\"@type\":\"WebPage\",\"@id\":\"https:\\\/\\\/serverus.es\\\/ebook-factor-humano-ciberseguridad\\\/\",\"url\":\"https:\\\/\\\/serverus.es\\\/ebook-factor-humano-ciberseguridad\\\/\",\"name\":\"ebook-factor-humano-ciberseguridad - Serverus Tech Solutions\",\"isPartOf\":{\"@id\":\"https:\\\/\\\/serverus.es\\\/#website\"},\"primaryImageOfPage\":{\"@id\":\"https:\\\/\\\/serverus.es\\\/ebook-factor-humano-ciberseguridad\\\/#primaryimage\"},\"image\":{\"@id\":\"https:\\\/\\\/serverus.es\\\/ebook-factor-humano-ciberseguridad\\\/#primaryimage\"},\"thumbnailUrl\":\"https:\\\/\\\/serverus.es\\\/wp-content\\\/uploads\\\/2025\\\/01\\\/Ebook-Como-afecta-el-factor-humano-a-tu-estrategia-de-ciberseguridad-1024x576.png\",\"datePublished\":\"2025-01-04T14:33:38+00:00\",\"dateModified\":\"2025-01-04T14:34:11+00:00\",\"breadcrumb\":{\"@id\":\"https:\\\/\\\/serverus.es\\\/ebook-factor-humano-ciberseguridad\\\/#breadcrumb\"},\"inLanguage\":\"en-US\",\"potentialAction\":[{\"@type\":\"ReadAction\",\"target\":[\"https:\\\/\\\/serverus.es\\\/ebook-factor-humano-ciberseguridad\\\/\"]}]},{\"@type\":\"ImageObject\",\"inLanguage\":\"en-US\",\"@id\":\"https:\\\/\\\/serverus.es\\\/ebook-factor-humano-ciberseguridad\\\/#primaryimage\",\"url\":\"https:\\\/\\\/serverus.es\\\/wp-content\\\/uploads\\\/2025\\\/01\\\/Ebook-Como-afecta-el-factor-humano-a-tu-estrategia-de-ciberseguridad-1024x576.png\",\"contentUrl\":\"https:\\\/\\\/serverus.es\\\/wp-content\\\/uploads\\\/2025\\\/01\\\/Ebook-Como-afecta-el-factor-humano-a-tu-estrategia-de-ciberseguridad-1024x576.png\"},{\"@type\":\"BreadcrumbList\",\"@id\":\"https:\\\/\\\/serverus.es\\\/ebook-factor-humano-ciberseguridad\\\/#breadcrumb\",\"itemListElement\":[{\"@type\":\"ListItem\",\"position\":1,\"name\":\"Portada\",\"item\":\"https:\\\/\\\/serverus.es\\\/\"},{\"@type\":\"ListItem\",\"position\":2,\"name\":\"ebook-factor-humano-ciberseguridad\"}]},{\"@type\":\"WebSite\",\"@id\":\"https:\\\/\\\/serverus.es\\\/#website\",\"url\":\"https:\\\/\\\/serverus.es\\\/\",\"name\":\"Serverus Tech Solutions\",\"description\":\"Mantenimiento Inform\u00e1tico Madrid\",\"publisher\":{\"@id\":\"https:\\\/\\\/serverus.es\\\/#organization\"},\"potentialAction\":[{\"@type\":\"SearchAction\",\"target\":{\"@type\":\"EntryPoint\",\"urlTemplate\":\"https:\\\/\\\/serverus.es\\\/?s={search_term_string}\"},\"query-input\":{\"@type\":\"PropertyValueSpecification\",\"valueRequired\":true,\"valueName\":\"search_term_string\"}}],\"inLanguage\":\"en-US\"},{\"@type\":\"Organization\",\"@id\":\"https:\\\/\\\/serverus.es\\\/#organization\",\"name\":\"Serverus Tech Solutions\",\"url\":\"https:\\\/\\\/serverus.es\\\/\",\"logo\":{\"@type\":\"ImageObject\",\"inLanguage\":\"en-US\",\"@id\":\"https:\\\/\\\/serverus.es\\\/#\\\/schema\\\/logo\\\/image\\\/\",\"url\":\"https:\\\/\\\/serverus.es\\\/wp-content\\\/uploads\\\/2024\\\/09\\\/cropped-cropped-Logo-300x75-1.jpg\",\"contentUrl\":\"https:\\\/\\\/serverus.es\\\/wp-content\\\/uploads\\\/2024\\\/09\\\/cropped-cropped-Logo-300x75-1.jpg\",\"width\":300,\"height\":75,\"caption\":\"Serverus Tech Solutions\"},\"image\":{\"@id\":\"https:\\\/\\\/serverus.es\\\/#\\\/schema\\\/logo\\\/image\\\/\"},\"sameAs\":[\"https:\\\/\\\/www.linkedin.com\\\/company\\\/101235189\"]}]}<\/script>\n<!-- \/ Yoast SEO plugin. -->","yoast_head_json":{"title":"ebook-factor-humano-ciberseguridad - Serverus Tech Solutions","robots":{"index":"index","follow":"follow","max-snippet":"max-snippet:-1","max-image-preview":"max-image-preview:large","max-video-preview":"max-video-preview:-1"},"canonical":"https:\/\/serverus.es\/en\/ebook-factor-humano-ciberseguridad\/","og_locale":"en_US","og_type":"article","og_title":"ebook-factor-humano-ciberseguridad - Serverus Tech Solutions","og_description":"\u00a0 \u00a0 Descubre c\u00f3mo afecta el factor humano en tu estrategia de ciberseguridad \u00bfQu\u00e9 voy a encontrar en este libro? Consejos gratu\u00edtos con los que mejorar\u00e1s la ciberseguridad de tu empresa. Estad\u00edsticas con las que conocer\u00e1s la realidad del panorama en cuanto a ciberseguridad. Ejemplos reales y consecuencias de lo que puede ocasionar el factor [&hellip;]","og_url":"https:\/\/serverus.es\/en\/ebook-factor-humano-ciberseguridad\/","og_site_name":"Serverus Tech Solutions","article_modified_time":"2025-01-04T14:34:11+00:00","og_image":[{"width":1920,"height":1080,"url":"https:\/\/serverus.es\/wp-content\/uploads\/2025\/01\/Ebook-Como-afecta-el-factor-humano-a-tu-estrategia-de-ciberseguridad.png","type":"image\/png"}],"twitter_card":"summary_large_image","schema":{"@context":"https:\/\/schema.org","@graph":[{"@type":"WebPage","@id":"https:\/\/serverus.es\/ebook-factor-humano-ciberseguridad\/","url":"https:\/\/serverus.es\/ebook-factor-humano-ciberseguridad\/","name":"ebook-factor-humano-ciberseguridad - Serverus Tech Solutions","isPartOf":{"@id":"https:\/\/serverus.es\/#website"},"primaryImageOfPage":{"@id":"https:\/\/serverus.es\/ebook-factor-humano-ciberseguridad\/#primaryimage"},"image":{"@id":"https:\/\/serverus.es\/ebook-factor-humano-ciberseguridad\/#primaryimage"},"thumbnailUrl":"https:\/\/serverus.es\/wp-content\/uploads\/2025\/01\/Ebook-Como-afecta-el-factor-humano-a-tu-estrategia-de-ciberseguridad-1024x576.png","datePublished":"2025-01-04T14:33:38+00:00","dateModified":"2025-01-04T14:34:11+00:00","breadcrumb":{"@id":"https:\/\/serverus.es\/ebook-factor-humano-ciberseguridad\/#breadcrumb"},"inLanguage":"en-US","potentialAction":[{"@type":"ReadAction","target":["https:\/\/serverus.es\/ebook-factor-humano-ciberseguridad\/"]}]},{"@type":"ImageObject","inLanguage":"en-US","@id":"https:\/\/serverus.es\/ebook-factor-humano-ciberseguridad\/#primaryimage","url":"https:\/\/serverus.es\/wp-content\/uploads\/2025\/01\/Ebook-Como-afecta-el-factor-humano-a-tu-estrategia-de-ciberseguridad-1024x576.png","contentUrl":"https:\/\/serverus.es\/wp-content\/uploads\/2025\/01\/Ebook-Como-afecta-el-factor-humano-a-tu-estrategia-de-ciberseguridad-1024x576.png"},{"@type":"BreadcrumbList","@id":"https:\/\/serverus.es\/ebook-factor-humano-ciberseguridad\/#breadcrumb","itemListElement":[{"@type":"ListItem","position":1,"name":"Portada","item":"https:\/\/serverus.es\/"},{"@type":"ListItem","position":2,"name":"ebook-factor-humano-ciberseguridad"}]},{"@type":"WebSite","@id":"https:\/\/serverus.es\/#website","url":"https:\/\/serverus.es\/","name":"Serverus Tech Solutions","description":"Computer Maintenance Madrid","publisher":{"@id":"https:\/\/serverus.es\/#organization"},"potentialAction":[{"@type":"SearchAction","target":{"@type":"EntryPoint","urlTemplate":"https:\/\/serverus.es\/?s={search_term_string}"},"query-input":{"@type":"PropertyValueSpecification","valueRequired":true,"valueName":"search_term_string"}}],"inLanguage":"en-US"},{"@type":"Organization","@id":"https:\/\/serverus.es\/#organization","name":"Serverus Tech Solutions","url":"https:\/\/serverus.es\/","logo":{"@type":"ImageObject","inLanguage":"en-US","@id":"https:\/\/serverus.es\/#\/schema\/logo\/image\/","url":"https:\/\/serverus.es\/wp-content\/uploads\/2024\/09\/cropped-cropped-Logo-300x75-1.jpg","contentUrl":"https:\/\/serverus.es\/wp-content\/uploads\/2024\/09\/cropped-cropped-Logo-300x75-1.jpg","width":300,"height":75,"caption":"Serverus Tech Solutions"},"image":{"@id":"https:\/\/serverus.es\/#\/schema\/logo\/image\/"},"sameAs":["https:\/\/www.linkedin.com\/company\/101235189"]}]}},"_links":{"self":[{"href":"https:\/\/serverus.es\/en\/wp-json\/wp\/v2\/pages\/686","targetHints":{"allow":["GET"]}}],"collection":[{"href":"https:\/\/serverus.es\/en\/wp-json\/wp\/v2\/pages"}],"about":[{"href":"https:\/\/serverus.es\/en\/wp-json\/wp\/v2\/types\/page"}],"author":[{"embeddable":true,"href":"https:\/\/serverus.es\/en\/wp-json\/wp\/v2\/users\/11"}],"replies":[{"embeddable":true,"href":"https:\/\/serverus.es\/en\/wp-json\/wp\/v2\/comments?post=686"}],"version-history":[{"count":4,"href":"https:\/\/serverus.es\/en\/wp-json\/wp\/v2\/pages\/686\/revisions"}],"predecessor-version":[{"id":691,"href":"https:\/\/serverus.es\/en\/wp-json\/wp\/v2\/pages\/686\/revisions\/691"}],"wp:attachment":[{"href":"https:\/\/serverus.es\/en\/wp-json\/wp\/v2\/media?parent=686"}],"curies":[{"name":"wp","href":"https:\/\/api.w.org\/{rel}","templated":true}]}}